{"id":2,"date":"2018-04-26T10:45:53","date_gmt":"2018-04-26T08:45:53","guid":{"rendered":"https:\/\/subbleibt.mur.at\/wordpress\/?page_id=2"},"modified":"2019-10-30T19:14:34","modified_gmt":"2019-10-30T17:14:34","slug":"home","status":"publish","type":"page","link":"https:\/\/subbleibt.mur.at\/","title":{"rendered":"SUb bleibt unkommerziell! &#8211; Finanziere die sch\u00f6nste H\u00fctte von Graz!"},"content":{"rendered":"\n<p>Wir k\u00e4mpfen nach wie vor um den Erhalt unseres\nselbstverwalteten Vereinsprojektes. Mit eurer Hilfe konnten wir im\nSommer\/Herbst 2018 das Geb\u00e4ude renovieren und die an uns von beh\u00f6rdlicher Seite\ngestellten Sicherheitsanforderungen erf\u00fcllen. Unendlich vielen Dank und Liebe\nan alle, die unsere \u201eSUb bleibt!\u201c Kampagne unterst\u00fctzt haben! Ohne euch w\u00fcrde\nes uns schon l\u00e4ngst nicht mehr geben! <\/p>\n\n\n\n<p>Leider ist es damit nicht getan, da wir bisher den Vorwurf,\nein Gewerbe zu betreiben, nicht entkr\u00e4ften konnten. Als Kollektiv, in dem alle\nArbeit ehrenamtlich verrichtet wird, niemand pers\u00f6nlich etwas daran verdient\nund Spenden nur zur Deckung der Betriebsausgaben und zum Erhalt des Geb\u00e4udes verwendet\nwerden, erscheint uns dies einfach nur als grotesk und absurd. Nachdem unsere\nBeschwerde beim Landesverwaltungsgericht abgewiesen wurde, d\u00fcrfen wir nun seit\nEnde Mai keine Getr\u00e4nke mehr gegen freiwillige Spende bereitstellen. Dagegen haben\nwir Revision beim Verwaltungsgerichtshof in Wien eingelegt \u2013 eine Entscheidung\nsteht noch aus. Die letzten Wochen haben wir intern diskutiert, wie wir weiter\ntun wollen. F\u00fcr uns steht weiterhin fest, dass wir das SUb als ein niederschwelliges\nProjekt, welches auf Ehrenamtlichkeit, Solidarit\u00e4t und Partizipation beruht und\neinen Diskurs um Kunst und Kultur jenseits kapitalistischer Verwertungslogiken\nf\u00f6rdert, erhalten wollen.<\/p>\n\n\n\n<p>Ob uns das gelingt, liegt nun wieder mal an euch. Die erzwungene Einstellung der Abgabe von Getr\u00e4nken gegen freiwillige Spende beschert uns erneut finanzielle Probleme. Die freiwilligen Spenden an der Bar haben nicht unwesentlich dazu beigetragen, die monatlichen Fixkosten (Miete, Betriebskosten, Strom etc.) in der H\u00f6he von ungef\u00e4hr 1.000\u20ac decken zu k\u00f6nnen. Fast 18 Jahre lang hat sich das SUb rein durch die Spenden bei den Veranstaltungen selbst getragen. Um weiter machen zu k\u00f6nnen, wollen wir vorerst bis Jahresende ein Solidarbeitragsmodell testen. Wir wollen euch um <strong>regelm\u00e4\u00dfige monatliche Beitr\u00e4ge bitten<\/strong>, damit der Raum erhalten bleibt. Ein Schritt, der uns alles andere als leichtf\u00e4llt \u2014wenn allerdings 200 Menschen 5\u20ac\/Monat spenden, dann tut das niemandem (so richtig) weh und das SUb gibt\u2019s weiterhin! <\/p>\n\n\n\n<p>Entscheidet selbst, was euch das \u00dcberleben von DIY-Kultur in Graz im Monat wert ist und abonniert eines unserer Soli-Pakete. F\u00fcr preisbewusste Dosenbiertrinker_innen gibt\u2019s das <strong>\u201eSUb bleibt prek\u00e4r!\u201c-Paket um 5\u20ac<\/strong> im Monat, wer lieber zum Wein vom Winzer greift, kann sich auch gleich das <strong>\u201eSUb bleibt stabil!\u201c-Paket um 13,12\u20ac<\/strong> g\u00f6nnen und f\u00fcr echte Revolution\u00e4r_innen gibt\u2019s das <strong>\u201eSUb bleibt souver\u00e4n!\u201c-Paket um 19,17\u20ac<\/strong>. Wem das zu viele Vorgaben sind, der h\u00e4mmert lieber in DIY-Manier seinen Wunschbetrag ins Freibetragsk\u00e4stchen. Oi!<\/p>\n\n\n\n<p>Wenn euch also das SUb am Herzen liegt und ihr in Graz gerne\nweiterhin einen Ort f\u00fcr niederschwellige Konzerte, Partys, Lesungen,\nDiskussionen oder einfach nur zum Abh\u00e4ngen h\u00e4ttet, dann erteilt uns ein\nSEPA-Lastschriftmandat!<\/p>\n\n\n\n<p>Merci! Ein Platz am DIY-Olymp ist dir sicher!<\/p>\n\n\n\n<p>Das SUb Plenum im Oktober 2019 <\/p>\n\n\n\n<p>P.S: Das SUb ist ein Kollektiv, das haupts\u00e4chlich vom\nEngagement seiner Mitglieder lebt. Ihr habt jeden Dienstag um 18 Uhr die\nM\u00f6glichkeit euch am Plenum einzumischen!<\/p>\n","protected":false},"excerpt":{"rendered":"<p>Wir k\u00e4mpfen nach wie vor um den Erhalt unseres selbstverwalteten Vereinsprojektes. Mit eurer Hilfe konnten wir im Sommer\/Herbst 2018 das Geb\u00e4ude renovieren und die an uns von beh\u00f6rdlicher Seite gestellten Sicherheitsanforderungen erf\u00fcllen. Unendlich vielen Dank und Liebe an alle, die &hellip; <a href=\"https:\/\/subbleibt.mur.at\/\">Continue reading <span class=\"meta-nav\">&rarr;<\/span><\/a><\/p>\n","protected":false},"author":1,"featured_media":0,"parent":0,"menu_order":2,"comment_status":"closed","ping_status":"closed","template":"sidebar-page.php","meta":{"footnotes":""},"_links":{"self":[{"href":"https:\/\/subbleibt.mur.at\/index.php\/wp-json\/wp\/v2\/pages\/2"}],"collection":[{"href":"https:\/\/subbleibt.mur.at\/index.php\/wp-json\/wp\/v2\/pages"}],"about":[{"href":"https:\/\/subbleibt.mur.at\/index.php\/wp-json\/wp\/v2\/types\/page"}],"author":[{"embeddable":true,"href":"https:\/\/subbleibt.mur.at\/index.php\/wp-json\/wp\/v2\/users\/1"}],"replies":[{"embeddable":true,"href":"https:\/\/subbleibt.mur.at\/index.php\/wp-json\/wp\/v2\/comments?post=2"}],"version-history":[{"count":8,"href":"https:\/\/subbleibt.mur.at\/index.php\/wp-json\/wp\/v2\/pages\/2\/revisions"}],"predecessor-version":[{"id":194,"href":"https:\/\/subbleibt.mur.at\/index.php\/wp-json\/wp\/v2\/pages\/2\/revisions\/194"}],"wp:attachment":[{"href":"https:\/\/subbleibt.mur.at\/index.php\/wp-json\/wp\/v2\/media?parent=2"}],"curies":[{"name":"wp","href":"https:\/\/api.w.org\/{rel}","templated":true}]}}